{"id":4941,"date":"2026-04-01T18:36:48","date_gmt":"2026-04-01T16:36:48","guid":{"rendered":"https:\/\/www.santevet.be\/?page_id=4941"},"modified":"2026-05-05T15:57:27","modified_gmt":"2026-05-05T13:57:27","slug":"emergency","status":"publish","type":"page","link":"https:\/\/www.santevet.be\/fr\/emergency","title":{"rendered":"Service Sant\u00e9vet Emergency"},"content":{"rendered":"<div class=\"video-scope\r\n  [&#038;_.video-custom]:relative\r\n  [&#038;_.video-custom]:overflow-hidden\r\n  [&#038;_.video-custom_video]:rounded-xl\r\n\r\n  \/* ic\u00f4ne play *\/\r\n  [&#038;_.video-custom]:before:absolute\r\n  [&#038;_.video-custom]:before:content-['']\r\n  [&#038;_.video-custom]:before:top-0\r\n  [&#038;_.video-custom]:before:right-0\r\n  [&#038;_.video-custom]:before:bottom-0\r\n  [&#038;_.video-custom]:before:left-0\r\n  [&#038;_.video-custom]:before:m-auto\r\n  [&#038;_.video-custom]:before:z-20\r\n  [&#038;_.video-custom]:before:bg-video\r\n  [&#038;_.video-custom]:before:bg-cover\r\n  [&#038;_.video-custom]:before:w-[58px]\r\n  [&#038;_.video-custom]:before:h-[58px]\r\n  [&#038;_.video-custom]:before:max-md:w-[29px]\r\n  [&#038;_.video-custom]:before:max-md:h-[29px]\r\n\r\n  \/* overlay clickable *\/\r\n  [&#038;_.video-custom_.video-overlay]:absolute\r\n  [&#038;_.video-custom_.video-overlay]:inset-0\r\n  [&#038;_.video-custom_.video-overlay]:z-30\r\n  [&#038;_.video-custom_.video-overlay]:cursor-pointer\r\n  [&#038;_.video-custom_.video-overlay]:bg-transparent\r\n  [&#038;_.video-custom_.video-overlay]:border-none\r\n\r\n  [&#038;_.video-custom.is-playing]:before:hidden\r\n  [&#038;_.video-custom.is-playing_.video-overlay]:hidden\r\n\">\r\n  <section  class=\"container-block mx-auto [&amp;_.wp-block-heading]:max-md:leading-[26px]\r\n  [&amp;_p]:max-md:text-sm [&amp;_p]:max-md:!font-bold  align wp-block-santevet-video\">\r\n    <div class=\" md:[&#038;_.wp-block-heading]:!text-[34px] max-md:[&#038;_.wp-block-heading]:leading-[26px] [&#038;_.wp-block-heading]:font-extrabold  [&#038;_p]:font-semibold [&#038;_p]:leading-[24px] [&#038;_p]:text-lg max-md:[&#038;_p]:text-sm max-md:[&#038;_p]:leading-[18px] max-md:[&#038;_p]:!font-bold\">\n\n<section class=\"wp-block-group is-layout-constrained wp-container-core-group-is-layout-07c33798 wp-block-group-is-layout-constrained\">\n<h2 class=\"wp-block-heading has-text-align-center has-h-1-font-size\" style=\"font-style:normal;font-weight:800\">D\u00e9couvrez en vid\u00e9o comment fonctionne Sant\u00e9vet Urgences \ud83c\udfa5<\/h2>\n\n\n\n<p class=\"has-text-align-center\" style=\"margin-top:30px;margin-bottom:30px;font-style:normal;font-weight:600\"><\/p>\n\n\n\n<figure class=\"wp-block-video video-custom\"><video controls src=\"https:\/\/www.santevet.es\/wp-content\/uploads\/2026\/03\/SVFR_SantA_vet_Urgence.mp4\"><\/video><\/figure>\n<\/section>\n\n<\/div>\r\n  <\/section>\r\n\r\n  <div class=\"mt-10\">\r\n          <\/div>\r\n<\/div>\n\n<section  class=\"container-block mx-auto align wp-block-santevet-avantages\">\r\n    <div class=\"text-center mt-6 [&#038;_.wp-block-heading]:mb-5 [&#038;_p]:mb-10 [&#038;_.wp-block-heading]:text-h1 max-md:[&#038;_.wp-block-heading]:leading-[26px] [&#038;_.wp-block-heading]:font-extrabold  [&#038;_p]:font-semibold [&#038;_p]:leading-[24px] [&#038;_p]:text-lg max-md:[&#038;_p]:text-sm max-md:[&#038;_p]:leading-[18px] max-md:[&#038;_p]:!font-bold\">\n\n<h2 class=\"wp-block-heading has-h-1-font-size\" style=\"font-style:normal;font-weight:800\">Qu&rsquo;est-ce qui est inclus dans Sant\u00e9vet Urgences 24h\/7j, en cas d&rsquo;urgences v\u00e9t\u00e9rinaires&nbsp;?<\/h2>\n\n\n\n<p><\/p>\n\n<\/div>\r\n  <div class=\"flex flex-col md:flex-row flex-wrap gap-5 justify-center\">\r\n                          <div class=\" md:max-w-[307px] p-[30px] bg-yellow-50  rounded-xl  shadow-card \">\r\n                                <div class=\"text-left mb-2\">\r\n              <img decoding=\"async\" class=\"mx-auto aspect-square w-fit\" src=\"https:\/\/www.santevet.be\/wp-content\/uploads\/sites\/8\/2026\/04\/icon_heart.png\" alt=\"Icon Heart\" \/>\r\n            <\/div>\r\n                                <div class=\"mb-2\">\r\n              <h4 class=\"text-h3 font-bold\">\u00c9valuation de l&rsquo;urgence<\/h4>\r\n            <\/div>\r\n                                <div class=\"[&#038;_ul]:mb-5 [&#038;_li]:mb-5 [&#038;_p]:text-sm [&#038;_li]:text-lg [&#038;_li]:leading-6 max-md:[&#038;_li]:text-sm max-md:[&#038;_li]:leading-[18px]\">\r\n              <p>Un v\u00e9t\u00e9rinaire \u00e9value, avec vous, l\u2019\u00e9tat de sant\u00e9 de votre animal (fi\u00e8vre, saignement&#8230;).<\/p>\n            <\/div>\r\n                  <\/div>\r\n                      <div class=\" md:max-w-[307px] p-[30px] bg-green-50  rounded-xl  shadow-card \">\r\n                                <div class=\"text-left mb-2\">\r\n              <img decoding=\"async\" class=\"mx-auto aspect-square w-fit\" src=\"https:\/\/www.santevet.be\/wp-content\/uploads\/sites\/8\/2026\/04\/icon_care_paw.png\" alt=\"Icon Care Paw\" \/>\r\n            <\/div>\r\n                                <div class=\"mb-2\">\r\n              <h4 class=\"text-h3 font-bold\">Premiers soins<\/h4>\r\n            <\/div>\r\n                                <div class=\"[&#038;_ul]:mb-5 [&#038;_li]:mb-5 [&#038;_p]:text-sm [&#038;_li]:text-lg [&#038;_li]:leading-6 max-md:[&#038;_li]:text-sm max-md:[&#038;_li]:leading-[18px]\">\r\n              <div class=\"collection-item-content-carousel\" data-v-45352ba4=\"\">\n<p>Il vous donne des conseils pour lui apporter les premiers soins (bandage, bons gestes&#8230;).<\/p>\n<\/div>\n            <\/div>\r\n                  <\/div>\r\n                      <div class=\" md:max-w-[307px] p-[30px] bg-red-50  rounded-xl  shadow-card \">\r\n                                <div class=\"text-left mb-2\">\r\n              <img decoding=\"async\" class=\"mx-auto aspect-square w-fit\" src=\"https:\/\/www.santevet.be\/wp-content\/uploads\/sites\/8\/2026\/04\/icon_cat_dog.png\" alt=\"Icon Cat Dog\" \/>\r\n            <\/div>\r\n                                <div class=\"mb-2\">\r\n              <h4 class=\"text-h3 font-bold\">Clinique de garde<\/h4>\r\n            <\/div>\r\n                                <div class=\"[&#038;_ul]:mb-5 [&#038;_li]:mb-5 [&#038;_p]:text-sm [&#038;_li]:text-lg [&#038;_li]:leading-6 max-md:[&#038;_li]:text-sm max-md:[&#038;_li]:leading-[18px]\">\r\n              <div class=\"page-block-2\" data-v-7fd2a492=\"\">\n<div class=\"v-col align-self-center block-container default-carousel\" data-v-905ea247=\"\" data-v-7fd2a492=\"\">\n<div class=\"collection-wrapper\" data-v-905ea247=\"\">\n<div class=\"collection-item\" data-v-45352ba4=\"\" data-v-905ea247=\"\">\n<div class=\"collection-item-content-carousel\" data-v-45352ba4=\"\">\n<p>Si n\u00e9cessaire, il vous communiquera les coordonn\u00e9es d\u2019une structure v\u00e9t\u00e9rinaire ouverte et proche de vous*.<\/p>\n<p>&nbsp;<\/p>\n<\/div>\n<p><em><span style=\"color: #808080\">* <a href=\"https:\/\/www.santevet.be\/fr\/articles\/santevet-urgences-assitance-telephonique\">Sant\u00e9vet Urgences<\/a> est un service\u00a0<strong>disponible exclusivement en France m\u00e9tropolitaine et r\u00e9serv\u00e9 aux clients Sant\u00e9vet<\/strong>. <\/span><span style=\"color: #808080\">Service inclus dans toutes les formules d&rsquo;assurance de Sant\u00e9vet (chien, chat, NAC).\u00a0<\/span><\/em><\/p>\n<\/div>\n<\/div>\n<\/div>\n<\/div>\n            <\/div>\r\n                  <\/div>\r\n            <\/div>\r\n      <div class=\"mt-10\">\r\n      \r\n  <div class=\"text-center\">\r\n    \r\n          \r\n      \r\n      <span\r\n        data-obf=\"aHR0cHM6Ly9hc3N1cmFuY2Uuc2FudGV2ZXQuYmUvcXVvdGUtc3BlY2llcw==\"\r\n        role=\"link\"\r\n        tabindex=\"0\"\r\n        class=\"button secondary button-red mx-auto mb-3  \"\r\n        style=\"cursor:pointer\"\r\n        onclick=\"window.location.href = atob(this.dataset.obf);\"\r\n        onkeydown=\"if(event.key === 'Enter' || event.key === ' '){ event.preventDefault(); window.location.href = atob(this.dataset.obf); }\"\r\n      >\r\n        Obtenir mon tarif en 2 min      <\/span>\r\n\r\n    \r\n  <\/div>\r\n  <\/section>\n\n\r\n<section  class=\"mx-auto align wp-block-santevet-banner-large\">\r\n  \r\n<div class=\"rounded mobile-banner max-md:[&#038;_.custom-flex]:!px-5 max-md:[&#038;_.custom-flex]:!flex-col is-normal [&#038;_.custom-flex]:!gap-7\">    <div class=\"[&#038;_.wp-block-heading]:text-h1 max-md:[&#038;_.wp-block-heading]:text-[22px] max-md:[&#038;_.wp-block-heading]:leading-[26px] [&#038;_.wp-block-heading]:font-extrabold [&#038;_p]:font-normal [&#038;_p]:leading-[24px] [&#038;_p]:text-lg max-md:[&#038;_p]:text-[14px] max-md:[&#038;_p]:leading-[18px] max-md:[&#038;_p]:!font-normal\">\n\n<section class=\"wp-block-group py-[90px] max-md:py-[50px] has-red-50-background-color has-background is-layout-constrained wp-container-core-group-is-layout-07c33798 wp-block-group-is-layout-constrained\">\n<div class=\"wp-block-group custom-flex has-red-50-background-color has-background is-horizontal is-content-justification-center is-nowrap is-layout-flex wp-container-core-group-is-layout-8dbf8d71 wp-block-group-is-layout-flex\">\n<figure class=\"wp-block-image size-full is-style-default\"><img decoding=\"async\" src=\"https:\/\/www.santevet.com\/wp-content\/uploads\/2026\/03\/SV_FR_Mock-Up_Smartphone_Application.webp\" alt=\"\" class=\"wp-image-5999\" style=\"object-fit:cover\" \/><\/figure>\n\n\n\n<div class=\"wp-block-group wp-container-content-663c14dd is-vertical is-layout-flex wp-container-core-group-is-layout-8cf370e7 wp-block-group-is-layout-flex\">\n<h2 class=\"wp-block-heading has-h-1-font-size\" style=\"font-style:normal;font-weight:800\">Votre assurance \u00e0 port\u00e9e de main, avec l&rsquo;application Sant\u00e9vet<\/h2>\n\n\n\n<p style=\"margin-top:20px;margin-bottom:20px\">Disponible gratuitement sur smartphone et tablette, l&rsquo;application Sant\u00e9vet facilite toutes vos d\u00e9marches au quotidien (envoi et suivi de vos remboursements, Payvet, Sant\u00e9vet Urgences, suivi de consommation de votre contrat, informations utiles\u2026).<\/p>\n\n\n\n<div class=\"wp-block-group is-nowrap is-layout-flex wp-container-core-group-is-layout-ad2f72ca wp-block-group-is-layout-flex\">\n<figure class=\"wp-block-image size-full\"><a href=\"https:\/\/apps.apple.com\/be\/app\/sant%C3%A9vet\/id1071400859#?platform=iphone\" target=\"_blank\" rel=\" noreferrer noopener\"><img decoding=\"async\" src=\"https:\/\/www.santevet.com\/wp-content\/uploads\/2026\/02\/blanapplestore.png\" alt=\"\" class=\"wp-image-2390\" \/><\/a><\/figure>\n\n\n\n<figure class=\"wp-block-image size-full\"><a href=\"https:\/\/play.google.com\/store\/apps\/details?id=com.santevet.france&amp;hl=fr-be\" target=\"_blank\" rel=\" noreferrer noopener\"><img decoding=\"async\" src=\"https:\/\/www.santevet.com\/wp-content\/uploads\/2026\/02\/blanandroidstore.png\" alt=\"\" class=\"wp-image-2389\" \/><\/a><\/figure>\n<\/div>\n<\/div>\n<\/div>\n<\/section>\n\n<\/div>\r\n  <\/div>\r\n<\/section>\n\n\r\n<section   class=\"container-block mx-auto align wp-block-santevet-banner\">\r\n    <div class=\"[&#038;_.wp-block-heading]:mb-5 [&#038;_p]:leading-6 [&#038;_p]:mb-5 [&#038;_.wp-block-column:first-child]:mb-10\r\n    [&#038;_.wp-block-heading]:text-[22px] [&#038;_.wp-block-heading]:font-bold\r\n    md:[&#038;_.wp-block-heading]:leading-[26px]\r\n     [&#038;_.wp-block-columns:first-child]:!pb-[40px]\r\n     [&#038;_p]:text-lg\r\n    max-md:[&#038;_.wp-block-columns_.wp-block-column_.wp-block-columns]:gap-2\r\n    max-md:[&#038;_.wp-block-columns:first-child]:!p-[30px_30px_0px_30px]\r\n    max-md:[&#038;_.wp-block-heading]:!text-[16px]\r\n    max-md:[&#038;_.wp-block-heading]:!leading-[18px]\r\n    max-md:[&#038;_p]:!leading-[18px]\r\n    max-md:[&#038;_p]:!text-[14px]\r\n    max-md:[&#038;_.wp-block-columns_.wp-block-column:first-child_.wp-block-columns]:flex-col\r\n    max-md:[&#038;_.wp-block-columns_.wp-block-column:first-child_.wp-block-columns]:!items-start\r\n    max-md:[&#038;_.wp-block-columns_.wp-block-column:nth-child(2)]:pb-5\">\n\n<div class=\"wp-block-columns has-green-50-background-color has-background is-layout-flex wp-container-core-columns-is-layout-0605cdbd wp-block-columns-is-layout-flex\" style=\"border-radius:12px;padding-top:40px;padding-right:100px;padding-bottom:0px;padding-left:100px\">\n<div class=\"wp-block-column is-layout-flow wp-block-column-is-layout-flow\">\n<h2 class=\"wp-block-heading\"><br>Vos frais v\u00e9t\u00e9rinaires rembours\u00e9s, pour&nbsp;100&nbsp;% de s\u00e9r\u00e9nit\u00e9&nbsp;!<\/h2>\n\n\n\n<p>Sant\u00e9vet rembourse jusqu&rsquo;\u00e0 100 % de vos&nbsp;<a href=\"https:\/\/www.santevet.com\/remboursement-frais-veterinaires\" target=\"_blank\" rel=\"noreferrer noopener\"><strong>frais v\u00e9t\u00e9rinaires<\/strong><\/a>&nbsp;en cas de maladies et d&rsquo;accident, et participe au remboursement des soins de pr\u00e9vention (vaccins, antiparasitaires, produits d&rsquo;hygi\u00e8ne&#8230;).<br><br><\/p>\n\n\n\n<div class=\"wp-block-columns is-layout-flex wp-container-core-columns-is-layout-9d6595d7 wp-block-columns-is-layout-flex\">\n<div class=\"wp-block-buttons is-content-justification-left is-layout-flex wp-container-core-buttons-is-layout-fdcfc74e wp-block-buttons-is-layout-flex\">\n<div class=\"wp-block-button\"><span class=\"wp-block-button__link wp-element-button\"  data-obf=\"aHR0cHM6Ly9hc3N1cmFuY2Uuc2FudGV2ZXQuYmUvcXVvdGUtc3BlY2llcw==\" role=\"link\" tabindex=\"0\" style=\"cursor:pointer\" onclick=\"window.location.href = atob(this.dataset.obf);\" onkeydown=\"if(event.key === 'Enter' || event.key === ' '){ event.preventDefault(); window.location.href = atob(this.dataset.obf); }\">Simuler mon tarif<\/span><\/div>\n<\/div>\n\n\n\n<div class=\"wp-block-buttons is-content-justification-right is-layout-flex wp-container-core-buttons-is-layout-765c4724 wp-block-buttons-is-layout-flex\"><\/div>\n<\/div>\n<\/div>\n\n\n\n<div class=\"wp-block-column flex flex-col justify-end is-layout-flow wp-block-column-is-layout-flow\">\n<figure class=\"wp-block-image aligncenter size-full is-resized\"><img decoding=\"async\" src=\"https:\/\/www.santevet.com\/wp-content\/uploads\/2026\/03\/V2_SanteVet-07-VISUELS-BONUS-MY-PET-IS-FAMILY-Enfant-VINCENT-chien-015-copie-scaled.png\" alt=\"\" class=\"wp-image-6361\" style=\"width:372px;height:auto\" \/><\/figure>\n<\/div>\n<\/div>\n\n<\/div>\r\n<\/section>","protected":false},"excerpt":{"rendered":"<p>Sant\u00e9vet, sp\u00e9cialiste de l&rsquo;assurance sant\u00e9 pour chien et chat. Mutuelle pour votre animal. Jusqu&rsquo;\u00e0 90% des frais v\u00e9t\u00e9rinaires rembours\u00e9s. Devis Gratuit<\/p>\n","protected":false},"author":14,"featured_media":0,"parent":0,"menu_order":0,"comment_status":"closed","ping_status":"closed","template":"","meta":{"_acf_changed":false,"footnotes":""},"class_list":["post-4941","page","type-page","status-publish","hentry"],"acf":[],"_links":{"self":[{"href":"https:\/\/www.santevet.be\/fr\/wp-json\/wp\/v2\/pages\/4941","targetHints":{"allow":["GET"]}}],"collection":[{"href":"https:\/\/www.santevet.be\/fr\/wp-json\/wp\/v2\/pages"}],"about":[{"href":"https:\/\/www.santevet.be\/fr\/wp-json\/wp\/v2\/types\/page"}],"author":[{"embeddable":true,"href":"https:\/\/www.santevet.be\/fr\/wp-json\/wp\/v2\/users\/14"}],"replies":[{"embeddable":true,"href":"https:\/\/www.santevet.be\/fr\/wp-json\/wp\/v2\/comments?post=4941"}],"version-history":[{"count":14,"href":"https:\/\/www.santevet.be\/fr\/wp-json\/wp\/v2\/pages\/4941\/revisions"}],"predecessor-version":[{"id":6426,"href":"https:\/\/www.santevet.be\/fr\/wp-json\/wp\/v2\/pages\/4941\/revisions\/6426"}],"wp:attachment":[{"href":"https:\/\/www.santevet.be\/fr\/wp-json\/wp\/v2\/media?parent=4941"}],"curies":[{"name":"wp","href":"https:\/\/api.w.org\/{rel}","templated":true}]}}