{"id":5237,"date":"2026-04-02T16:33:55","date_gmt":"2026-04-02T14:33:55","guid":{"rendered":"https:\/\/www.santevet.be\/nos-partenaires\/"},"modified":"2026-04-28T16:33:55","modified_gmt":"2026-04-28T14:33:55","slug":"onze-partners","status":"publish","type":"page","link":"https:\/\/www.santevet.be\/nl\/onze-partners","title":{"rendered":"Partners"},"content":{"rendered":"<section  class=\"container-block mx-auto align wp-block-santevet-references\">\r\n    <div class=\"text-center mt-6 [&#038;_.wp-block-heading]:text-h1 max-md:[&#038;_.wp-block-heading]:leading-[26px] [&#038;_.wp-block-heading]:font-extrabold  [&#038;_p]:font-semibold [&#038;_p]:leading-[24px] [&#038;_p]:text-lg max-md:[&#038;_p]:text-sm max-md:[&#038;_p]:leading-[18px] max-md:[&#038;_p]:!font-bold\">\n\n<h3 class=\"wp-block-heading\">Veterinaire organisaties en verenigingen<\/h3>\n\n<\/div>\r\n\r\n  <div class=\"flex flex-row gap-5 mt-10 max-md:justify-start max-md:overflow-x-auto max-md:snap-x max-md:snap-mandatory\">\r\n          <div class=\"flex-1\">\r\n                              <a class=\"no-underline text-black\" href=\"https:\/\/upv.be\/\" target=\"_blank\" rel=\"noopener\">\r\n                          <div class=\"hover:shadow-md transition-shadow duration-300 ease-in-out shadow-full p-[14px_40px] rounded-[20px] mb-[14px] h-12 flex items-center justify-center\">\r\n                <img decoding=\"async\" class=\"w-auto h-full \" src=\"https:\/\/www.santevet.be\/wp-content\/uploads\/sites\/8\/2026\/04\/logo_upv_be.png\" alt=\"Logo Upv Be\" \/>\r\n              <\/div>\r\n                            <p class=\"text-center font-semibold text-lg\">UPV<\/p>\r\n                                      <\/a>\r\n                        <\/div>\r\n          <div class=\"flex-1\">\r\n                              <a class=\"no-underline text-black\" href=\"https:\/\/iscc-indonesia.org\/\" target=\"_blank\" rel=\"noopener\">\r\n                          <div class=\"hover:shadow-md transition-shadow duration-300 ease-in-out shadow-full p-[14px_40px] rounded-[20px] mb-[14px] h-12 flex items-center justify-center\">\r\n                <img decoding=\"async\" class=\"w-auto h-full \" src=\"https:\/\/www.santevet.be\/wp-content\/uploads\/sites\/8\/2026\/04\/Eleveur-2.svg\" alt=\"Eleveur\" \/>\r\n              <\/div>\r\n                            <p class=\"text-center font-semibold text-lg\">VSV<\/p>\r\n                                      <\/a>\r\n                        <\/div>\r\n          <div class=\"flex-1\">\r\n                              <a class=\"no-underline text-black\" href=\"https:\/\/www.fci.be\/fr\/\" target=\"_blank\" rel=\"noopener\">\r\n                          <div class=\"hover:shadow-md transition-shadow duration-300 ease-in-out shadow-full p-[14px_40px] rounded-[20px] mb-[14px] h-12 flex items-center justify-center\">\r\n                <img decoding=\"async\" class=\"w-auto h-full \" src=\"https:\/\/www.santevet.be\/wp-content\/uploads\/sites\/8\/2026\/04\/logo_fci.png\" alt=\"Logo Fci\" \/>\r\n              <\/div>\r\n                            <p class=\"text-center font-semibold text-lg\">FCI<\/p>\r\n                                      <\/a>\r\n                        <\/div>\r\n          <div class=\"flex-1\">\r\n                              <a class=\"no-underline text-black\" href=\"https:\/\/www.ordre-veterinaires.be\/\" target=\"_blank\" rel=\"noopener\">\r\n                          <div class=\"hover:shadow-md transition-shadow duration-300 ease-in-out shadow-full p-[14px_40px] rounded-[20px] mb-[14px] h-12 flex items-center justify-center\">\r\n                <img decoding=\"async\" class=\"w-auto h-full \" src=\"https:\/\/www.santevet.be\/wp-content\/uploads\/sites\/8\/2026\/04\/ordre-veterinaires_BE_NL.png\" alt=\"Ordre Veterinaires BE NL\" \/>\r\n              <\/div>\r\n                            <p class=\"text-center font-semibold text-lg\">Ordre des v\u00e9t\u00e9rinaires<\/p>\r\n                                      <\/a>\r\n                        <\/div>\r\n      <\/div>\r\n<\/section>\n\n<section  class=\"container-block mx-auto align wp-block-santevet-references\">\r\n    <div class=\"text-center mt-6 [&#038;_.wp-block-heading]:text-h1 max-md:[&#038;_.wp-block-heading]:leading-[26px] [&#038;_.wp-block-heading]:font-extrabold  [&#038;_p]:font-semibold [&#038;_p]:leading-[24px] [&#038;_p]:text-lg max-md:[&#038;_p]:text-sm max-md:[&#038;_p]:leading-[18px] max-md:[&#038;_p]:!font-bold\">\n\n<h3 class=\"wp-block-heading\">Veterinaire universiteiten<\/h3>\n\n<\/div>\r\n\r\n  <div class=\"flex flex-row gap-5 mt-10 max-md:justify-start max-md:overflow-x-auto max-md:snap-x max-md:snap-mandatory\">\r\n          <div class=\"flex-1\">\r\n                              <a class=\"no-underline text-black\" href=\"https:\/\/www.fmv.uliege.be\/cms\/c_4039114\/fr\/portail-faculte-de-medecine-veterinaire\" target=\"_blank\" rel=\"noopener\">\r\n                          <div class=\"hover:shadow-md transition-shadow duration-300 ease-in-out shadow-full p-[14px_40px] rounded-[20px] mb-[14px] h-12 flex items-center justify-center\">\r\n                <img decoding=\"async\" class=\"w-auto h-full \" src=\"https:\/\/www.santevet.be\/wp-content\/uploads\/sites\/8\/2026\/04\/uliege_faculte_medecineveterinaire_logo.svg\" alt=\"Uliege Faculte Medecineveterinaire Logo\" \/>\r\n              <\/div>\r\n                            <p class=\"text-center font-semibold text-lg\">Universit\u00e9 v\u00e9t\u00e9rinaire de li\u00e8ge  <\/p>\r\n                                      <\/a>\r\n                        <\/div>\r\n          <div class=\"flex-1\">\r\n                              <a class=\"no-underline text-black\" href=\"https:\/\/www.ugent.be\/di\/nl\" target=\"_blank\" rel=\"noopener\">\r\n                          <div class=\"hover:shadow-md transition-shadow duration-300 ease-in-out shadow-full p-[14px_40px] rounded-[20px] mb-[14px] h-12 flex items-center justify-center\">\r\n                <img decoding=\"async\" class=\"w-auto h-full \" src=\"https:\/\/www.santevet.be\/wp-content\/uploads\/sites\/8\/2026\/04\/logo_ugent_nl.svg\" alt=\"Logo Ugent Nl\" \/>\r\n              <\/div>\r\n                            <p class=\"text-center font-semibold text-lg\">Universit\u00e9 v\u00e9t\u00e9rinaire Gand<\/p>\r\n                                      <\/a>\r\n                        <\/div>\r\n      <\/div>\r\n<\/section>\n\n\n<p><\/p>\n\n\n<section  class=\"container-block mx-auto align wp-block-santevet-references\">\r\n    <div class=\"text-center mt-6 [&#038;_.wp-block-heading]:text-h1 max-md:[&#038;_.wp-block-heading]:leading-[26px] [&#038;_.wp-block-heading]:font-extrabold  [&#038;_p]:font-semibold [&#038;_p]:leading-[24px] [&#038;_p]:text-lg max-md:[&#038;_p]:text-sm max-md:[&#038;_p]:leading-[18px] max-md:[&#038;_p]:!font-bold\">\n\n<h3 class=\"wp-block-heading\">Veterinair laboratorium en voeding<\/h3>\n\n<\/div>\r\n\r\n  <div class=\"flex flex-row gap-5 mt-10 max-md:justify-start max-md:overflow-x-auto max-md:snap-x max-md:snap-mandatory\">\r\n          <div class=\"flex-1\">\r\n                              <a class=\"no-underline text-black\" href=\"https:\/\/www.royalcanin.com\/be\" target=\"_blank\" rel=\"noopener\">\r\n                          <div class=\"hover:shadow-md transition-shadow duration-300 ease-in-out shadow-full p-[14px_40px] rounded-[20px] mb-[14px] h-12 flex items-center justify-center\">\r\n                <img decoding=\"async\" class=\"w-auto h-full \" src=\"https:\/\/www.santevet.be\/wp-content\/uploads\/sites\/8\/2026\/04\/royal-canin-logo.svg\" alt=\"Royal Canin Logo\" \/>\r\n              <\/div>\r\n                            <p class=\"text-center font-semibold text-lg\">Royal canin<\/p>\r\n                                      <\/a>\r\n                        <\/div>\r\n          <div class=\"flex-1\">\r\n                              <a class=\"no-underline text-black\" href=\"https:\/\/www.hillspet.be\/fr-be\" target=\"_blank\" rel=\"noopener\">\r\n                          <div class=\"hover:shadow-md transition-shadow duration-300 ease-in-out shadow-full p-[14px_40px] rounded-[20px] mb-[14px] h-12 flex items-center justify-center\">\r\n                <img decoding=\"async\" class=\"w-auto h-full \" src=\"https:\/\/www.santevet.be\/wp-content\/uploads\/sites\/8\/2026\/04\/logo-hills-pet-nutrition.webp\" alt=\"Logo Hills Pet Nutrition\" \/>\r\n              <\/div>\r\n                            <p class=\"text-center font-semibold text-lg\">Hill\u2019s<\/p>\r\n                                      <\/a>\r\n                        <\/div>\r\n      <\/div>\r\n<\/section>\n\n\n<p><\/p>\n\n\n<section  class=\"container-block mx-auto align wp-block-santevet-references\">\r\n    <div class=\"text-center mt-6 [&#038;_.wp-block-heading]:text-h1 max-md:[&#038;_.wp-block-heading]:leading-[26px] [&#038;_.wp-block-heading]:font-extrabold  [&#038;_p]:font-semibold [&#038;_p]:leading-[24px] [&#038;_p]:text-lg max-md:[&#038;_p]:text-sm max-md:[&#038;_p]:leading-[18px] max-md:[&#038;_p]:!font-bold\">\n\n<h3 class=\"wp-block-heading\">Veterinaire software<\/h3>\n\n<\/div>\r\n\r\n  <div class=\"flex flex-row gap-5 mt-10 max-md:justify-start max-md:overflow-x-auto max-md:snap-x max-md:snap-mandatory\">\r\n          <div class=\"flex-1\">\r\n                              <a class=\"no-underline text-black\" href=\"https:\/\/www.fuga.eu\/fr\" target=\"_blank\" rel=\"noopener\">\r\n                          <div class=\"hover:shadow-md transition-shadow duration-300 ease-in-out shadow-full p-[14px_40px] rounded-[20px] mb-[14px] h-12 flex items-center justify-center\">\r\n                <img decoding=\"async\" class=\"w-auto h-full \" src=\"https:\/\/www.santevet.be\/wp-content\/uploads\/sites\/8\/2026\/04\/Cat-1.svg\" alt=\"Cat\" \/>\r\n              <\/div>\r\n                            <p class=\"text-center font-semibold text-lg\">Fuga<\/p>\r\n                                      <\/a>\r\n                        <\/div>\r\n          <div class=\"flex-1\">\r\n                              <a class=\"no-underline text-black\" href=\"https:\/\/www.epivet.com\/\" target=\"_blank\" rel=\"noopener\">\r\n                          <div class=\"hover:shadow-md transition-shadow duration-300 ease-in-out shadow-full p-[14px_40px] rounded-[20px] mb-[14px] h-12 flex items-center justify-center\">\r\n                <img decoding=\"async\" class=\"w-auto h-full \" src=\"https:\/\/www.santevet.be\/wp-content\/uploads\/sites\/8\/2026\/04\/Logo_epivet-1-1536x1083-1.webp\" alt=\"Logo Epivet 1 1536x1083\" \/>\r\n              <\/div>\r\n                            <p class=\"text-center font-semibold text-lg\">Epivet<\/p>\r\n                                      <\/a>\r\n                        <\/div>\r\n          <div class=\"flex-1\">\r\n                              <a class=\"no-underline text-black\" href=\"https:\/\/www.pegase-asbl.be\/\" target=\"_blank\" rel=\"noopener\">\r\n                          <div class=\"hover:shadow-md transition-shadow duration-300 ease-in-out shadow-full p-[14px_40px] rounded-[20px] mb-[14px] h-12 flex items-center justify-center\">\r\n                <img decoding=\"async\" class=\"w-auto h-full \" src=\"https:\/\/www.santevet.be\/wp-content\/uploads\/sites\/8\/2026\/04\/logo_pegase.gif\" alt=\"Logo Pegase\" \/>\r\n              <\/div>\r\n                            <p class=\"text-center font-semibold text-lg\">Pegase<\/p>\r\n                                      <\/a>\r\n                        <\/div>\r\n          <div class=\"flex-1\">\r\n                              <a class=\"no-underline text-black\" href=\"https:\/\/digivet.fr\/\" target=\"_blank\" rel=\"noopener\">\r\n                          <div class=\"hover:shadow-md transition-shadow duration-300 ease-in-out shadow-full p-[14px_40px] rounded-[20px] mb-[14px] h-12 flex items-center justify-center\">\r\n                <img decoding=\"async\" class=\"w-auto h-full \" src=\"https:\/\/www.santevet.be\/wp-content\/uploads\/sites\/8\/2026\/04\/Logo-Digivet-300x148-1.png\" alt=\"Logo Digivet 300x148\" \/>\r\n              <\/div>\r\n                            <p class=\"text-center font-semibold text-lg\">Digivet<\/p>\r\n                                      <\/a>\r\n                        <\/div>\r\n          <div class=\"flex-1\">\r\n                              <a class=\"no-underline text-black\" href=\"https:\/\/www.elpeo.net\/vet\/\" target=\"_blank\" rel=\"noopener\">\r\n                          <div class=\"hover:shadow-md transition-shadow duration-300 ease-in-out shadow-full p-[14px_40px] rounded-[20px] mb-[14px] h-12 flex items-center justify-center\">\r\n                <img decoding=\"async\" class=\"w-auto h-full \" src=\"https:\/\/www.santevet.be\/wp-content\/uploads\/sites\/8\/2026\/04\/elpeo_logo.png\" alt=\"Elpeo Logo\" \/>\r\n              <\/div>\r\n                            <p class=\"text-center font-semibold text-lg\">Elpeo<\/p>\r\n                                      <\/a>\r\n                        <\/div>\r\n      <\/div>\r\n<\/section>\n\n<section  class=\"container-block mx-auto align wp-block-santevet-references\">\r\n    <div class=\"text-center mt-6 [&#038;_.wp-block-heading]:text-h1 max-md:[&#038;_.wp-block-heading]:leading-[26px] [&#038;_.wp-block-heading]:font-extrabold  [&#038;_p]:font-semibold [&#038;_p]:leading-[24px] [&#038;_p]:text-lg max-md:[&#038;_p]:text-sm max-md:[&#038;_p]:leading-[18px] max-md:[&#038;_p]:!font-bold\">\n\n<h3 class=\"wp-block-heading\">Diversen<br><\/h3>\n\n<\/div>\r\n\r\n  <div class=\"flex flex-row gap-5 mt-10 max-md:justify-start max-md:overflow-x-auto max-md:snap-x max-md:snap-mandatory\">\r\n          <div class=\"flex-1\">\r\n                              <a class=\"no-underline text-black\" href=\"https:\/\/www.tomandco.com\/fr-fr\/promotions.html?utm_feeditemid=&amp;utm_device=c&amp;utm_term=&amp;utm_source=google&amp;utm_medium=ppc&amp;utm_campaign=&amp;hsa_cam=22183426982&amp;hsa_grp=&amp;hsa_mt=&amp;hsa_src=x&amp;hsa_ad=&amp;hsa_acc={19545004}&amp;hsa_net=adwords&amp;hsa_kw=&amp;hsa_tgt=&amp;hsa_ver=3&amp;gad_source=1&amp;gad_campaignid=22187186287&amp;gbraid=0AAAAAooBsU_r7mkDOlSUV8FesnWN-qI4s&amp;gclid=Cj0KCQjwv-LOBhCdARIsAM5hdKeuh-eTmZves7u4-LiTMiXMALxyHjJnyZcIczv73x-zwQCKKjrHhigaAnr-EALw_wcB\" target=\"_blank\" rel=\"noopener\">\r\n                          <div class=\"hover:shadow-md transition-shadow duration-300 ease-in-out shadow-full p-[14px_40px] rounded-[20px] mb-[14px] h-12 flex items-center justify-center\">\r\n                <img decoding=\"async\" class=\"w-auto h-full \" src=\"https:\/\/www.santevet.be\/wp-content\/uploads\/sites\/8\/2026\/04\/logo_tom_and_co.svg\" alt=\"Logo Tom And Co\" \/>\r\n              <\/div>\r\n                            <p class=\"text-center font-semibold text-lg\">Tom&amp;CO<\/p>\r\n                                      <\/a>\r\n                        <\/div>\r\n          <div class=\"flex-1\">\r\n                              <a class=\"no-underline text-black\" href=\"https:\/\/dierenartsenwereld.be\/fr\" target=\"_blank\" rel=\"noopener\">\r\n                          <div class=\"hover:shadow-md transition-shadow duration-300 ease-in-out shadow-full p-[14px_40px] rounded-[20px] mb-[14px] h-12 flex items-center justify-center\">\r\n                <img decoding=\"async\" class=\"w-auto h-full \" src=\"https:\/\/www.santevet.be\/wp-content\/uploads\/sites\/8\/2026\/04\/dierenartsenwereld-logo_nl.svg\" alt=\"Dierenartsenwereld Logo Nl\" \/>\r\n              <\/div>\r\n                            <p class=\"text-center font-semibold text-lg\">Le monde V\u00e9t\u00e9rinaire<\/p>\r\n                                      <\/a>\r\n                        <\/div>\r\n      <\/div>\r\n<\/section>\n\n<section  class=\"container-block mx-auto align wp-block-santevet-references\">\r\n    <div class=\"text-center mt-6 [&#038;_.wp-block-heading]:text-h1 max-md:[&#038;_.wp-block-heading]:leading-[26px] [&#038;_.wp-block-heading]:font-extrabold  [&#038;_p]:font-semibold [&#038;_p]:leading-[24px] [&#038;_p]:text-lg max-md:[&#038;_p]:text-sm max-md:[&#038;_p]:leading-[18px] max-md:[&#038;_p]:!font-bold\">\n\n<h3 class=\"wp-block-heading\">Veterinaire klinieken<\/h3>\n\n<\/div>\r\n\r\n  <div class=\"flex flex-row gap-5 mt-10 max-md:justify-start max-md:overflow-x-auto max-md:snap-x max-md:snap-mandatory\">\r\n          <div class=\"flex-1\">\r\n                              <a class=\"no-underline text-black\" href=\"https:\/\/evidensia.vet\/\" target=\"_blank\" rel=\"noopener\">\r\n                          <div class=\"hover:shadow-md transition-shadow duration-300 ease-in-out shadow-full p-[14px_40px] rounded-[20px] mb-[14px] h-12 flex items-center justify-center\">\r\n                <img decoding=\"async\" class=\"w-auto h-full \" src=\"https:\/\/www.santevet.be\/wp-content\/uploads\/sites\/8\/2026\/04\/logo_ivc_evidensia.png\" alt=\"Logo Ivc Evidensia\" \/>\r\n              <\/div>\r\n                            <p class=\"text-center font-semibold text-lg\">Evidensia<\/p>\r\n                                      <\/a>\r\n                        <\/div>\r\n          <div class=\"flex-1\">\r\n                              <a class=\"no-underline text-black\" href=\"https:\/\/www.anicura.be\/\" target=\"_blank\" rel=\"noopener\">\r\n                          <div class=\"hover:shadow-md transition-shadow duration-300 ease-in-out shadow-full p-[14px_40px] rounded-[20px] mb-[14px] h-12 flex items-center justify-center\">\r\n                <img decoding=\"async\" class=\"w-auto h-full \" src=\"https:\/\/www.santevet.be\/wp-content\/uploads\/sites\/8\/2026\/04\/anicura_france_logo.jpg\" alt=\"Anicura France Logo\" \/>\r\n              <\/div>\r\n                            <p class=\"text-center font-semibold text-lg\">Anicura<\/p>\r\n                                      <\/a>\r\n                        <\/div>\r\n          <div class=\"flex-1\">\r\n                              <a class=\"no-underline text-black\" href=\"https:\/\/www.nesto.be\/fr\" target=\"_blank\" rel=\"noopener\">\r\n                          <div class=\"hover:shadow-md transition-shadow duration-300 ease-in-out shadow-full p-[14px_40px] rounded-[20px] mb-[14px] h-12 flex items-center justify-center\">\r\n                <img decoding=\"async\" class=\"w-auto h-full \" src=\"https:\/\/www.santevet.be\/wp-content\/uploads\/sites\/8\/2026\/04\/logo-Nesto.svg\" alt=\"Logo Nesto\" \/>\r\n              <\/div>\r\n                            <p class=\"text-center font-semibold text-lg\">Nesto<\/p>\r\n                                      <\/a>\r\n                        <\/div>\r\n          <div class=\"flex-1\">\r\n                              <a class=\"no-underline text-black\" href=\"https:\/\/univet.fr\/\" target=\"_blank\" rel=\"noopener\">\r\n                          <div class=\"hover:shadow-md transition-shadow duration-300 ease-in-out shadow-full p-[14px_40px] rounded-[20px] mb-[14px] h-12 flex items-center justify-center\">\r\n                <img decoding=\"async\" class=\"w-auto h-full \" src=\"https:\/\/www.santevet.be\/wp-content\/uploads\/sites\/8\/2026\/04\/logo-color-double.png\" alt=\"Logo Color Double\" \/>\r\n              <\/div>\r\n                            <p class=\"text-center font-semibold text-lg\">Univet<\/p>\r\n                                      <\/a>\r\n                        <\/div>\r\n      <\/div>\r\n<\/section>\n\n<section  class=\"container-block mx-auto align wp-block-santevet-references\">\r\n    <div class=\"text-center mt-6 [&#038;_.wp-block-heading]:text-h1 max-md:[&#038;_.wp-block-heading]:leading-[26px] [&#038;_.wp-block-heading]:font-extrabold  [&#038;_p]:font-semibold [&#038;_p]:leading-[24px] [&#038;_p]:text-lg max-md:[&#038;_p]:text-sm max-md:[&#038;_p]:leading-[18px] max-md:[&#038;_p]:!font-bold\">\n\n<h3 class=\"wp-block-heading\">Identificaties<\/h3>\n\n<\/div>\r\n\r\n  <div class=\"flex flex-row gap-5 mt-10 max-md:justify-start max-md:overflow-x-auto max-md:snap-x max-md:snap-mandatory\">\r\n          <div class=\"flex-1\">\r\n                              <a class=\"no-underline text-black\" href=\"https:\/\/www.idchips.com\/\" target=\"_blank\" rel=\"noopener\">\r\n                          <div class=\"hover:shadow-md transition-shadow duration-300 ease-in-out shadow-full p-[14px_40px] rounded-[20px] mb-[14px] h-12 flex items-center justify-center\">\r\n                <img decoding=\"async\" class=\"w-auto h-full \" src=\"https:\/\/www.santevet.be\/wp-content\/uploads\/sites\/8\/2026\/04\/logo_idchips.png\" alt=\"Logo Idchips\" \/>\r\n              <\/div>\r\n                            <p class=\"text-center font-semibold text-lg\">ID Chips<\/p>\r\n                                      <\/a>\r\n                        <\/div>\r\n          <div class=\"flex-1\">\r\n                              <a class=\"no-underline text-black\" href=\"https:\/\/www.idchips.com\/\" target=\"_blank\" rel=\"noopener\">\r\n                          <div class=\"hover:shadow-md transition-shadow duration-300 ease-in-out shadow-full p-[14px_40px] rounded-[20px] mb-[14px] h-12 flex items-center justify-center\">\r\n                <img decoding=\"async\" class=\"w-auto h-full \" src=\"https:\/\/www.santevet.be\/wp-content\/uploads\/sites\/8\/2026\/04\/logo_dogid.png\" alt=\"Logo Dogid\" \/>\r\n              <\/div>\r\n                            <p class=\"text-center font-semibold text-lg\">DOGID<\/p>\r\n                                      <\/a>\r\n                        <\/div>\r\n      <\/div>\r\n<\/section>","protected":false},"excerpt":{"rendered":"<p>Ontdek de partners van Sant\u00e9vet. Allemaal delen ze een gemeenschappelijke passie voor de wereld van huisdieren.<\/p>\n","protected":false},"author":31,"featured_media":0,"parent":0,"menu_order":0,"comment_status":"closed","ping_status":"closed","template":"","meta":{"_acf_changed":false,"footnotes":""},"class_list":["post-5237","page","type-page","status-publish","hentry"],"acf":[],"_links":{"self":[{"href":"https:\/\/www.santevet.be\/nl\/wp-json\/wp\/v2\/pages\/5237","targetHints":{"allow":["GET"]}}],"collection":[{"href":"https:\/\/www.santevet.be\/nl\/wp-json\/wp\/v2\/pages"}],"about":[{"href":"https:\/\/www.santevet.be\/nl\/wp-json\/wp\/v2\/types\/page"}],"author":[{"embeddable":true,"href":"https:\/\/www.santevet.be\/nl\/wp-json\/wp\/v2\/users\/31"}],"replies":[{"embeddable":true,"href":"https:\/\/www.santevet.be\/nl\/wp-json\/wp\/v2\/comments?post=5237"}],"version-history":[{"count":21,"href":"https:\/\/www.santevet.be\/nl\/wp-json\/wp\/v2\/pages\/5237\/revisions"}],"predecessor-version":[{"id":6571,"href":"https:\/\/www.santevet.be\/nl\/wp-json\/wp\/v2\/pages\/5237\/revisions\/6571"}],"wp:attachment":[{"href":"https:\/\/www.santevet.be\/nl\/wp-json\/wp\/v2\/media?parent=5237"}],"curies":[{"name":"wp","href":"https:\/\/api.w.org\/{rel}","templated":true}]}}